{"id":3,"date":"2026-01-03T04:43:42","date_gmt":"2026-01-03T04:43:42","guid":{"rendered":"https:\/\/elternundfamilie.de\/?page_id=3"},"modified":"2026-04-27T00:11:58","modified_gmt":"2026-04-27T00:11:58","slug":"privacy-policy","status":"publish","type":"page","link":"https:\/\/gartenundfreiezeit.de\/en\/privacy-policy\/","title":{"rendered":"Privacy Policy"},"content":{"rendered":"<h1 id=\"h-datenschutzerklarung\" class=\"wp-block-heading\">Privacy Policy<\/h1>\n\n\n\n<h2 id=\"h-1-datenschutz-auf-einen-blick\" class=\"wp-block-heading\">1. Data Protection at a Glance<\/h2>\n\n\n\n<p><strong>General Information<\/strong>&nbsp;The following information provides a simple overview of what happens to your personal data when you visit our website. Personal data is any data with which you can be personally identified. For detailed information on data protection, please refer to our privacy policy listed below this text.<\/p>\n\n\n\n<p><strong>Data Collection on Our Website<\/strong><\/p>\n\n\n\n<p><strong>Who is responsible for data collection on this website?<\/strong>&nbsp;The data processing on this website is carried out by the website operator. You can find their contact details in the imprint of this website and in the section \u201eInformation on the responsible party\u201c in this privacy policy.<\/p>\n\n\n\n<p><strong>How do we collect your data?<\/strong>&nbsp;Your data is collected in part when you provide it to us. This may include data that you enter into a contact form, for example. Other data is automatically collected by our IT systems when you visit the website. This is primarily technical data (e.g., internet browser, operating system, or time of page access). This data is collected automatically as soon as you access our website.<\/p>\n\n\n\n<p><strong>What do we use your data for?<\/strong>&nbsp;Some of the data is collected to ensure the error-free provision of the website. Other data may be used to analyze your user behavior.<\/p>\n\n\n\n<p><strong>What are your rights regarding your data?<\/strong>&nbsp;You have the right to receive information about the origin, recipients, and purpose of your stored personal data at any time, free of charge. You also have the right to request the correction, blocking, or deletion of this data. You can contact us at any time for this purpose, as well as for further questions regarding data protection, at the address provided in the imprint. Furthermore, you have a right to lodge a complaint with the competent supervisory authority.<\/p>\n\n\n\n<p><strong>Analysis Tools and Third-Party Tools<\/strong>&nbsp;When you visit our website, your browsing behavior can be statistically analyzed. This is mainly done using cookies and so-called analysis programs. The analysis of your browsing behavior is generally anonymized; your browsing behavior cannot be traced back to you. You can object to this analysis or prevent it by not using certain tools. Detailed information on this can be found in the following privacy policy.<\/p>\n\n\n\n<hr class=\"wp-block-separator has-alpha-channel-opacity\"\/>\n\n\n\n<h2 id=\"h-2-allgemeine-hinweise-und-pflichtinformationen\" class=\"wp-block-heading\">2. General Information and Mandatory Disclosures<\/h2>\n\n\n\n<p><strong>Data Privacy<\/strong>&nbsp;The operators of these pages take the protection of your personal data very seriously. We treat your personal data confidentially and in accordance with the statutory data protection regulations and this data protection declaration.<\/p>\n\n\n\n<p>By using this website, various personal data will be collected. Personal data is data that can be used to identify you personally. This privacy policy explains what data we collect and what we use it for. It also explains how and for what purpose this happens.<\/p>\n\n\n\n<p>We wish to point out that data transfer on the internet (e.g., in email communication) may have security vulnerabilities. It is not possible to protect data completely from access by third parties.<\/p>\n\n\n\n<p><strong>Notice on the Responsible Party<\/strong>&nbsp;The data controller for this website is:<\/p>\n\n\n\n<p><strong>Nina Henning<\/strong>&nbsp;Baufeldstr. 27 58093 Hagen Germany<\/p>\n\n\n\n<p>Phone: 02331 7394242 Fax: 02331 739 41 41 E-mail: nina.henning@nina-advertising.de<\/p>\n\n\n\n<p>The data controller is the natural or legal person who, alone or jointly with others, determines the purposes and means of processing personal data (e.g., names, email addresses, etc.).<\/p>\n\n\n\n<p><strong>Revocation of your consent to data processing<\/strong>&nbsp;Many data processing operations are only possible with your explicit consent. You can withdraw consent already given at any time. A simple email notification to us is sufficient for this. The lawfulness of the data processing carried out up to the point of withdrawal remains unaffected by the withdrawal.<\/p>\n\n\n\n<p><strong>Right to complain to the competent supervisory authority<\/strong>&nbsp;In the event of data protection violations, affected individuals have the right to lodge a complaint with the competent supervisory authority. The competent supervisory authority for data protection matters is the State Data Protection Commissioner of the federal state in which our company is based. A list of Data Protection Commissioners and their contact details can be found at the following link:&nbsp;<a href=\"https:\/\/www.bfdi.bund.de\/DE\/Infothek\/Anschriften_Links\/anschriften_links-node.html\" target=\"_blank\" rel=\"noreferrer noopener\">https:\/\/www.bfdi.bund.de\/DE\/Infothek\/Anschriften_Links\/anschriften_links-node.html<\/a>.<\/p>\n\n\n\n<p><strong>Right to data portability<\/strong>&nbsp;You have the right to receive the data that we process automatically based on your consent or in fulfillment of a contract, in a common, machine-readable format, either for yourself or for a third party. If you request the direct transfer of the data to another responsible party, this will only occur to the extent that it is technically feasible.<\/p>\n\n\n\n<p><strong>SSL or TLS encryption<\/strong>&nbsp;This page uses SSL or TLS encryption for security reasons and to protect the transmission of confidential content, such as orders or inquiries that you send to us as the website operator. You can tell that a connection is encrypted because the browser's address bar changes from \u201ehttp:\/\/\u201c to \u201ehttps:\/\/\u201c and because of the padlock icon in your browser bar. If SSL or TLS encryption is enabled, the data you transmit to us cannot be read by third parties.<\/p>\n\n\n\n<p><strong>Information, Blocking, Deletion<\/strong>&nbsp;You have the right, at any time and within the framework of the applicable statutory provisions, to free-of-charge access to information about your stored personal data, their origin and recipients, and the purpose of data processing, and, if applicable, a right to correction, blocking, or deletion of this data. For this purpose, as well as for any further questions on the subject of personal data, you can contact us at any time at the address provided in the imprint.<\/p>\n\n\n\n<p><strong>Objection to promotional emails<\/strong>&nbsp;The use of contact data published within the scope of the imprint obligation for sending unsolicited advertising and informational materials is hereby objected to. The operators of the sites expressly reserve the right to take legal action in the event of unsolicited sending of advertising information, for example via spam emails.<\/p>\n\n\n\n<hr class=\"wp-block-separator has-alpha-channel-opacity\"\/>\n\n\n\n<h2 id=\"h-3-datenerfassung-auf-unserer-website\" class=\"wp-block-heading\">3. Data Collection on Our Website<\/h2>\n\n\n\n<p><strong>Cookies<\/strong>&nbsp;The websites use so-called cookies in some cases. Cookies do not cause any damage to your computer and do not contain viruses. Cookies are used to make our offer more user-friendly, effective, and secure. Cookies are small text files that are stored on your computer and saved by your browser. Most of the cookies we use are so-called \u201esession cookies.\u201c They are automatically deleted at the end of your visit. Other cookies remain stored on your end device until you delete them. You can set your browser to inform you about the setting of cookies and to allow cookies only on a case-by-case basis, to exclude the acceptance of cookies for specific cases or in general, and to activate the automatic deletion of cookies when closing the browser. If cookies are deactivated, the functionality of this website may be restricted.<\/p>\n\n\n\n<p><strong>Server log files<\/strong>&nbsp;The provider of the pages automatically collects and stores information in so-called server log files, which your browser automatically transmits to us. These are:<\/p>\n\n\n\n<ul class=\"wp-block-list\">\n<li>Browser type and browser version<\/li>\n\n\n\n<li>Operating system used<\/li>\n\n\n\n<li>Referrer URL<\/li>\n\n\n\n<li>Hostname of the accessing computer<\/li>\n\n\n\n<li>Server request time<\/li>\n\n\n\n<li>IP Address<\/li>\n<\/ul>\n\n\n\n<p>These data will not be merged with other data sources. The legal basis for data processing is Article 6(1)(f) of the GDPR.<\/p>\n\n\n\n<p><strong>Contact Form<\/strong>&nbsp;If you send us inquiries via the contact form, your details from the inquiry form, including the contact details you provided there, will be stored by us for the purpose of processing the inquiry and in case of follow-up questions. We will not share this data without your consent. The processing of the data entered into the contact form is therefore carried out exclusively on the basis of your consent (Art. 6 para. 1 lit. a GDPR). You can revoke this consent at any time. The data you enter in the contact form will remain with us until you request us to delete it, revoke your consent to storage, or the purpose for data storage no longer applies.<\/p>\n\n\n\n<hr class=\"wp-block-separator has-alpha-channel-opacity\"\/>\n\n\n\n<h2 id=\"h-4-analyse-tools-und-werbung\" class=\"wp-block-heading\">4. Analysis Tools and Advertising<\/h2>\n\n\n\n<p><strong>Google Analytics<\/strong>&nbsp;This website uses features of the web analytics service Google Analytics. The provider is Google Inc., 1600 Amphitheatre Parkway, Mountain View, CA 94043, USA. Google Analytics uses \u201ecookies\u201c. The information generated by the cookie about your use of this website is usually transferred to a Google server in the USA and stored there. Google Analytics cookies are stored on the basis of Art. 6(1)(f) GDPR.<\/p>\n\n\n\n<p><strong>IP anonymization<\/strong>&nbsp;This website has enabled the IP anonymization feature. This means your IP address will be truncated by Google within member states of the European Union or other contracting states to the Agreement on the European Economic Area before being transmitted to the USA.<\/p>\n\n\n\n<p><strong>Objection to data collection<\/strong>&nbsp;You can prevent Google Analytics from collecting your data by clicking the following link. An opt-out cookie will be set, which will prevent the collection of your data on future visits to this website: Disable Google Analytics. More information about how Google Analytics handles user data can be found in Google's Privacy Policy:&nbsp;<a href=\"https:\/\/support.google.com\/analytics\/answer\/6004245?hl=de\" target=\"_blank\" rel=\"noreferrer noopener\">https:\/\/support.google.com\/analytics\/answer\/6004245?hl=de<\/a>.<\/p>\n\n\n\n<p><strong>Google AdSense<\/strong>&nbsp;This website uses Google AdSense, a service for including advertisements from Google Inc. (\u201eGoogle\u201c). The provider is Google Inc., 1600 Amphitheatre Parkway, Mountain View, CA 94043, USA. Google AdSense uses so-called \u201ecookies\u201c and web beacons (invisible graphics). The storage of AdSense cookies is based on Article 6(1)(f) of the GDPR.<\/p>\n\n\n\n<h2 id=\"h-who-we-are\" class=\"wp-block-heading\">Who we are<\/h2>\n\n\n\n<p><strong>Suggested text:&nbsp;<\/strong>Our website address is: https:\/\/elternundfamilie.de.<\/p>\n\n\n\n<h2 id=\"h-comments\" class=\"wp-block-heading\">Comments<\/h2>\n\n\n\n<p><strong>Suggested text:&nbsp;<\/strong>When visitors leave comments on the site, we collect the data shown in the comments form, as well as the visitor's IP address and browser user agent string to help detect spam.<\/p>\n\n\n\n<p>An anonymized string created from your email address (also called a hash) may be provided to the Gravatar service to see if you are using it. The Gravatar service privacy policy is available here: https:\/\/automattic.com\/privacy\/. After approval of your comment, your profile picture is visible to the public in the context of your comment.<\/p>\n\n\n\n<h2 id=\"h-media\" class=\"wp-block-heading\">Media<\/h2>\n\n\n\n<p><strong>Suggested text:&nbsp;<\/strong>If you upload images to the website, you should avoid uploading images with embedded location data (EXIF GPS) included. Visitors to the website can download and extract any location data from images on the website.<\/p>\n\n\n\n<h2 id=\"h-cookies\" class=\"wp-block-heading\">Cookies<\/h2>\n\n\n\n<p><strong>Suggested text:&nbsp;<\/strong>If you leave a comment on our site, you may opt-in to saving your name, email address, and website in cookies. These are for your convenience so you don't have to fill in your details again when you leave another comment. These cookies will last for one year.<\/p>\n\n\n\n<p>If you visit our login page, we will set a temporary cookie to determine if your browser accepts cookies. This cookie contains no personal data and is discarded when you close your browser.<\/p>\n\n\n\n<p>When you log in, we will also set up several cookies to save your login information and your screen display choices. Login cookies last for two days, and screen options cookies last for a year. If you select \u201eRemember Me\u201c, your login will persist for two weeks. If you log out of your account, the login cookies will be removed.<\/p>\n\n\n\n<p>If you edit or publish an article, an additional cookie will be saved in your browser. This cookie contains no personal data and simply indicates the ID of the post you just edited. It expires after one day.<\/p>\n\n\n\n<h2 id=\"h-embedded-content-from-other-websites\" class=\"wp-block-heading\">Embedded content from other websites<\/h2>\n\n\n\n<p><strong>Suggested text:&nbsp;<\/strong>Articles on this site may include embedded content (e.g., videos, images, articles, etc.). Embedded content from other websites behaves in the exact same way as if the visitor has visited the other website.<\/p>\n\n\n\n<p>These websites may collect data about you, use cookies, embed additional third-party tracking, and monitor your interaction with that embedded content, including tracking your interaction with the embedded content if you have an account and are logged in to that website.<\/p>\n\n\n\n<h2 id=\"h-who-we-share-your-data-with\" class=\"wp-block-heading\">Who we share your data with<\/h2>\n\n\n\n<p><strong>Suggested text:&nbsp;<\/strong>If you request a password reset, your IP address will be included in the reset email.<\/p>\n\n\n\n<h2 id=\"h-how-long-we-retain-your-data\" class=\"wp-block-heading\">How long we retain your data<\/h2>\n\n\n\n<p><strong>Suggested text:&nbsp;<\/strong>If you leave a comment, the comment and its metadata are retained indefinitely. This is so we can recognize and approve any follow-up comments automatically instead of holding them in a moderation queue.<\/p>\n\n\n\n<p>For users who register on our website (if any), we also store the personal information they provide in their user profile. All users can view, edit, or delete their personal information at any time (except they cannot change their username). Website administrators can also view and edit this information.<\/p>\n\n\n\n<h2 id=\"h-what-rights-you-have-over-your-data\" class=\"wp-block-heading\">What rights do you have over your data<\/h2>\n\n\n\n<p><strong>Suggested text:&nbsp;<\/strong>If you have an account on this site, or have left comments, you can request to receive an exported file of the personal data we hold about you, including any data you have provided to us. You can also request that we erase any personal data we hold about you. This does not include any data we are obliged to keep for administrative, legal, or security purposes.<\/p>\n\n\n\n<h2 id=\"h-where-your-data-is-sent\" class=\"wp-block-heading\">Where your data is sent<\/h2>\n\n\n\n<p><strong>Suggested text:&nbsp;<\/strong>Visitor comments may be checked through an automated spam detection service.<\/p>","protected":false},"excerpt":{"rendered":"<p>Datenschutzerkl\u00e4rung 1. Datenschutz auf einen Blick Allgemeine Hinweise&nbsp;Die folgenden Hinweise geben einen einfachen \u00dcberblick dar\u00fcber, was mit Ihren personenbezogenen Daten [&hellip;]<\/p>\n","protected":false},"author":1,"featured_media":0,"parent":0,"menu_order":0,"comment_status":"closed","ping_status":"closed","template":"","meta":{"site-sidebar-layout":"default","site-content-layout":"","ast-site-content-layout":"default","site-content-style":"default","site-sidebar-style":"default","ast-global-header-display":"","ast-banner-title-visibility":"","ast-main-header-display":"","ast-hfb-above-header-display":"","ast-hfb-below-header-display":"","ast-hfb-mobile-header-display":"","site-post-title":"","ast-breadcrumbs-content":"","ast-featured-img":"","footer-sml-layout":"","ast-disable-related-posts":"","theme-transparent-header-meta":"","adv-header-id-meta":"","stick-header-meta":"","header-above-stick-meta":"","header-main-stick-meta":"","header-below-stick-meta":"","astra-migrate-meta-layouts":"default","ast-page-background-enabled":"default","ast-page-background-meta":{"desktop":{"background-color":"var(--ast-global-color-5)","background-image":"","background-repeat":"repeat","background-position":"center center","background-size":"auto","background-attachment":"scroll","background-type":"","background-media":"","overlay-type":"","overlay-color":"","overlay-opacity":"","overlay-gradient":""},"tablet":{"background-color":"","background-image":"","background-repeat":"repeat","background-position":"center center","background-size":"auto","background-attachment":"scroll","background-type":"","background-media":"","overlay-type":"","overlay-color":"","overlay-opacity":"","overlay-gradient":""},"mobile":{"background-color":"","background-image":"","background-repeat":"repeat","background-position":"center center","background-size":"auto","background-attachment":"scroll","background-type":"","background-media":"","overlay-type":"","overlay-color":"","overlay-opacity":"","overlay-gradient":""}},"ast-content-background-meta":{"desktop":{"background-color":"var(--ast-global-color-4)","background-image":"","background-repeat":"repeat","background-position":"center center","background-size":"auto","background-attachment":"scroll","background-type":"","background-media":"","overlay-type":"","overlay-color":"","overlay-opacity":"","overlay-gradient":""},"tablet":{"background-color":"var(--ast-global-color-4)","background-image":"","background-repeat":"repeat","background-position":"center center","background-size":"auto","background-attachment":"scroll","background-type":"","background-media":"","overlay-type":"","overlay-color":"","overlay-opacity":"","overlay-gradient":""},"mobile":{"background-color":"var(--ast-global-color-4)","background-image":"","background-repeat":"repeat","background-position":"center center","background-size":"auto","background-attachment":"scroll","background-type":"","background-media":"","overlay-type":"","overlay-color":"","overlay-opacity":"","overlay-gradient":""}},"footnotes":""},"class_list":["post-3","page","type-page","status-publish","hentry"],"yoast_head":"<!-- This site is optimized with the Yoast SEO Premium plugin v27.6 (Yoast SEO v27.6) - https:\/\/yoast.com\/product\/yoast-seo-premium-wordpress\/ -->\n<title>Privacy Policy - GartenundFreiezeit.de<\/title>\n<meta name=\"robots\" content=\"index, follow, max-snippet:-1, max-image-preview:large, max-video-preview:-1\" \/>\n<link rel=\"canonical\" href=\"https:\/\/gartenundfreiezeit.de\/en\/privacy-policy\/\" \/>\n<meta property=\"og:locale\" content=\"en_US\" \/>\n<meta property=\"og:type\" content=\"article\" \/>\n<meta property=\"og:title\" content=\"Privacy Policy\" \/>\n<meta property=\"og:description\" content=\"Datenschutzerkl\u00e4rung 1. Datenschutz auf einen Blick Allgemeine Hinweise&nbsp;Die folgenden Hinweise geben einen einfachen \u00dcberblick dar\u00fcber, was mit Ihren personenbezogenen Daten [&hellip;]\" \/>\n<meta property=\"og:url\" content=\"https:\/\/gartenundfreiezeit.de\/en\/privacy-policy\/\" \/>\n<meta property=\"og:site_name\" content=\"GartenundFreiezeit.de\" \/>\n<meta property=\"article:modified_time\" content=\"2026-04-27T00:11:58+00:00\" \/>\n<meta name=\"twitter:card\" content=\"summary_large_image\" \/>\n<meta name=\"twitter:label1\" content=\"Est. reading time\" \/>\n\t<meta name=\"twitter:data1\" content=\"9 minutes\" \/>\n<script type=\"application\/ld+json\" class=\"yoast-schema-graph\">{\"@context\":\"https:\\\/\\\/schema.org\",\"@graph\":[{\"@type\":\"WebPage\",\"@id\":\"https:\\\/\\\/gartenundfreiezeit.de\\\/privacy-policy\\\/\",\"url\":\"https:\\\/\\\/gartenundfreiezeit.de\\\/privacy-policy\\\/\",\"name\":\"Privacy Policy - GartenundFreiezeit.de\",\"isPartOf\":{\"@id\":\"https:\\\/\\\/gartenundfreiezeit.de\\\/#website\"},\"datePublished\":\"2026-01-03T04:43:42+00:00\",\"dateModified\":\"2026-04-27T00:11:58+00:00\",\"breadcrumb\":{\"@id\":\"https:\\\/\\\/gartenundfreiezeit.de\\\/privacy-policy\\\/#breadcrumb\"},\"inLanguage\":\"en-US\",\"potentialAction\":[{\"@type\":\"ReadAction\",\"target\":[\"https:\\\/\\\/gartenundfreiezeit.de\\\/privacy-policy\\\/\"]}]},{\"@type\":\"BreadcrumbList\",\"@id\":\"https:\\\/\\\/gartenundfreiezeit.de\\\/privacy-policy\\\/#breadcrumb\",\"itemListElement\":[{\"@type\":\"ListItem\",\"position\":1,\"name\":\"Start\",\"item\":\"https:\\\/\\\/gartenundfreiezeit.de\\\/\"},{\"@type\":\"ListItem\",\"position\":2,\"name\":\"Privacy Policy\"}]},{\"@type\":\"WebSite\",\"@id\":\"https:\\\/\\\/gartenundfreiezeit.de\\\/#website\",\"url\":\"https:\\\/\\\/gartenundfreiezeit.de\\\/\",\"name\":\"GartenundFreiezet.de\",\"description\":\"\",\"publisher\":{\"@id\":\"https:\\\/\\\/gartenundfreiezeit.de\\\/#\\\/schema\\\/person\\\/f1912adc4e66ed012258834157c69c4d\"},\"potentialAction\":[{\"@type\":\"SearchAction\",\"target\":{\"@type\":\"EntryPoint\",\"urlTemplate\":\"https:\\\/\\\/gartenundfreiezeit.de\\\/?s={search_term_string}\"},\"query-input\":{\"@type\":\"PropertyValueSpecification\",\"valueRequired\":true,\"valueName\":\"search_term_string\"}}],\"inLanguage\":\"en-US\"},{\"@type\":[\"Person\",\"Organization\"],\"@id\":\"https:\\\/\\\/gartenundfreiezeit.de\\\/#\\\/schema\\\/person\\\/f1912adc4e66ed012258834157c69c4d\",\"name\":\"GartenundFreiezeit\",\"image\":{\"@type\":\"ImageObject\",\"inLanguage\":\"en-US\",\"@id\":\"https:\\\/\\\/gartenundfreiezeit.de\\\/wp-content\\\/uploads\\\/2026\\\/04\\\/Gemini_Generated_Image_-2.png\",\"url\":\"https:\\\/\\\/gartenundfreiezeit.de\\\/wp-content\\\/uploads\\\/2026\\\/04\\\/Gemini_Generated_Image_-2.png\",\"contentUrl\":\"https:\\\/\\\/gartenundfreiezeit.de\\\/wp-content\\\/uploads\\\/2026\\\/04\\\/Gemini_Generated_Image_-2.png\",\"width\":1394,\"height\":768,\"caption\":\"GartenundFreiezeit\"},\"logo\":{\"@id\":\"https:\\\/\\\/gartenundfreiezeit.de\\\/wp-content\\\/uploads\\\/2026\\\/04\\\/Gemini_Generated_Image_-2.png\"},\"sameAs\":[\"https:\\\/\\\/gartenundfreiezeit.de\"]}]}<\/script>\n<!-- \/ Yoast SEO Premium plugin. -->","yoast_head_json":{"title":"Privacy Policy - GartenundFreiezeit.de","robots":{"index":"index","follow":"follow","max-snippet":"max-snippet:-1","max-image-preview":"max-image-preview:large","max-video-preview":"max-video-preview:-1"},"canonical":"https:\/\/gartenundfreiezeit.de\/en\/privacy-policy\/","og_locale":"en_US","og_type":"article","og_title":"Privacy Policy","og_description":"Datenschutzerkl\u00e4rung 1. Datenschutz auf einen Blick Allgemeine Hinweise&nbsp;Die folgenden Hinweise geben einen einfachen \u00dcberblick dar\u00fcber, was mit Ihren personenbezogenen Daten [&hellip;]","og_url":"https:\/\/gartenundfreiezeit.de\/en\/privacy-policy\/","og_site_name":"GartenundFreiezeit.de","article_modified_time":"2026-04-27T00:11:58+00:00","twitter_card":"summary_large_image","twitter_misc":{"Est. reading time":"9 minutes"},"schema":{"@context":"https:\/\/schema.org","@graph":[{"@type":"WebPage","@id":"https:\/\/gartenundfreiezeit.de\/privacy-policy\/","url":"https:\/\/gartenundfreiezeit.de\/privacy-policy\/","name":"Privacy Policy - GartenundFreiezeit.de","isPartOf":{"@id":"https:\/\/gartenundfreiezeit.de\/#website"},"datePublished":"2026-01-03T04:43:42+00:00","dateModified":"2026-04-27T00:11:58+00:00","breadcrumb":{"@id":"https:\/\/gartenundfreiezeit.de\/privacy-policy\/#breadcrumb"},"inLanguage":"en-US","potentialAction":[{"@type":"ReadAction","target":["https:\/\/gartenundfreiezeit.de\/privacy-policy\/"]}]},{"@type":"BreadcrumbList","@id":"https:\/\/gartenundfreiezeit.de\/privacy-policy\/#breadcrumb","itemListElement":[{"@type":"ListItem","position":1,"name":"Start","item":"https:\/\/gartenundfreiezeit.de\/"},{"@type":"ListItem","position":2,"name":"Privacy Policy"}]},{"@type":"WebSite","@id":"https:\/\/gartenundfreiezeit.de\/#website","url":"https:\/\/gartenundfreiezeit.de\/","name":"Garden and Leisure.de","description":"","publisher":{"@id":"https:\/\/gartenundfreiezeit.de\/#\/schema\/person\/f1912adc4e66ed012258834157c69c4d"},"potentialAction":[{"@type":"SearchAction","target":{"@type":"EntryPoint","urlTemplate":"https:\/\/gartenundfreiezeit.de\/?s={search_term_string}"},"query-input":{"@type":"PropertyValueSpecification","valueRequired":true,"valueName":"search_term_string"}}],"inLanguage":"en-US"},{"@type":["Person","Organization"],"@id":"https:\/\/gartenundfreiezeit.de\/#\/schema\/person\/f1912adc4e66ed012258834157c69c4d","name":"Garden and Leisure","image":{"@type":"ImageObject","inLanguage":"en-US","@id":"https:\/\/gartenundfreiezeit.de\/wp-content\/uploads\/2026\/04\/Gemini_Generated_Image_-2.png","url":"https:\/\/gartenundfreiezeit.de\/wp-content\/uploads\/2026\/04\/Gemini_Generated_Image_-2.png","contentUrl":"https:\/\/gartenundfreiezeit.de\/wp-content\/uploads\/2026\/04\/Gemini_Generated_Image_-2.png","width":1394,"height":768,"caption":"GartenundFreiezeit"},"logo":{"@id":"https:\/\/gartenundfreiezeit.de\/wp-content\/uploads\/2026\/04\/Gemini_Generated_Image_-2.png"},"sameAs":["https:\/\/gartenundfreiezeit.de"]}]}},"_links":{"self":[{"href":"https:\/\/gartenundfreiezeit.de\/en\/wp-json\/wp\/v2\/pages\/3","targetHints":{"allow":["GET"]}}],"collection":[{"href":"https:\/\/gartenundfreiezeit.de\/en\/wp-json\/wp\/v2\/pages"}],"about":[{"href":"https:\/\/gartenundfreiezeit.de\/en\/wp-json\/wp\/v2\/types\/page"}],"author":[{"embeddable":true,"href":"https:\/\/gartenundfreiezeit.de\/en\/wp-json\/wp\/v2\/users\/1"}],"replies":[{"embeddable":true,"href":"https:\/\/gartenundfreiezeit.de\/en\/wp-json\/wp\/v2\/comments?post=3"}],"version-history":[{"count":2,"href":"https:\/\/gartenundfreiezeit.de\/en\/wp-json\/wp\/v2\/pages\/3\/revisions"}],"predecessor-version":[{"id":1330,"href":"https:\/\/gartenundfreiezeit.de\/en\/wp-json\/wp\/v2\/pages\/3\/revisions\/1330"}],"wp:attachment":[{"href":"https:\/\/gartenundfreiezeit.de\/en\/wp-json\/wp\/v2\/media?parent=3"}],"curies":[{"name":"wp","href":"https:\/\/api.w.org\/{rel}","templated":true}]}}